{"id":319,"date":"2017-02-27T14:17:13","date_gmt":"2017-02-27T14:17:13","guid":{"rendered":"https:\/\/www.ralf-krenzke.de\/galerie-marina\/?page_id=319"},"modified":"2018-08-10T23:33:49","modified_gmt":"2018-08-10T23:33:49","slug":"gaestebuch","status":"publish","type":"page","link":"https:\/\/www.ralf-krenzke.de\/galerie-marina\/gaestebuch\/","title":{"rendered":"G\u00e4stebuch"},"content":{"rendered":"<div class=\"gwolle-gb\"><div class=\"gwolle_gb_messages_top_container\"><\/div>\n\t\t\t<div class=\"gwolle-gb-write-button\">\n\t\t\t\t<input type=\"button\" name=\"gwolle-gb-write-button\" class=\"button btn btn-default \" value=\"Neuen Eintrag schreiben\" \/>\n\t\t\t<\/div>\n\t\t\t<form action=\"#\" method=\"POST\" class=\"gwolle-gb-write gwolle-gb-hide gwolle-gb-float gwolle_gb_form_ajax gwolle-gb-form-ajax gwolle-gb-ajax gwolle-gb-not-logged-in\">\n\t\t\t\t<h3>Einen neuen Eintrag f\u00fcr das G\u00e4stebuch schreiben<\/h3>\n\t\t\t\t<button type=\"button\" class=\"gb-notice-dismiss\">x<span class=\"screen-reader-text\">Dieses Formular ausblenden<\/span><\/button>\n\t\t\t\n\t\t\t\t<input type=\"hidden\" name=\"gwolle_gb_function\" class=\"gwolle_gb_function\" value=\"add_entry\" \/><input type=\"hidden\" name=\"gwolle_gb_book_id\" class=\"gwolle_gb_book_id\" value=\"1\" \/><div class=\"gwolle_gb_04f5dce1ecb6e246b0c015a0f21ef88e\">\n\t\t\t\t<div class=\"label\"><label for=\"gwolle_gb_04f5dce1ecb6e246b0c015a0f21ef88e\" class=\"text-info\">Name *<\/label><\/div>\n\t\t\t\t<div class=\"input\"><input class=\"wp-exclude-emoji gwolle_gb_04f5dce1ecb6e246b0c015a0f21ef88e\" value=\"\" type=\"text\" name=\"gwolle_gb_04f5dce1ecb6e246b0c015a0f21ef88e\" required \/><\/div>\n\t\t\t\t<div class=\"clearBoth\">&nbsp;<\/div>\n\t\t\t<\/div><div class=\"gwolle_gb_481a14ac0c0c88efdf11a1c80598eed2\">\n\t\t\t\t\t<div class=\"label\"><label for=\"gwolle_gb_481a14ac0c0c88efdf11a1c80598eed2\" class=\"text-info\">Ort<\/label><\/div>\n\t\t\t\t\t<div class=\"input\"><input class=\"wp-exclude-emoji gwolle_gb_481a14ac0c0c88efdf11a1c80598eed2\" value=\"\" type=\"text\" name=\"gwolle_gb_481a14ac0c0c88efdf11a1c80598eed2\" \/><\/div>\n\t\t\t\t\t<div class=\"clearBoth\">&nbsp;<\/div>\n\t\t\t\t<\/div><div class=\"gwolle_gb_9035601cc217a95b6685f67a9fd5c0ad\">\n\t\t\t\t<div class=\"label\"><label for=\"gwolle_gb_9035601cc217a95b6685f67a9fd5c0ad\" class=\"text-info\">E-Mail *<\/label><\/div>\n\t\t\t\t<div class=\"input\"><input class=\"gwolle_gb_9035601cc217a95b6685f67a9fd5c0ad\" value=\"\" type=\"email\" name=\"gwolle_gb_9035601cc217a95b6685f67a9fd5c0ad\" required \/><\/div>\n\t\t\t\t<div class=\"clearBoth\">&nbsp;<\/div>\n\t\t\t<\/div><div class=\"gwolle_gb_7754453323b3aca9f68e19762ad32c31\">\n\t\t\t\t<div class=\"label\"><label for=\"gwolle_gb_7754453323b3aca9f68e19762ad32c31\" class=\"text-info\">Website<\/label><\/div>\n\t\t\t\t<div class=\"input\"><input class=\"gwolle_gb_7754453323b3aca9f68e19762ad32c31\" value=\"\" type=\"url\" name=\"gwolle_gb_7754453323b3aca9f68e19762ad32c31\" \/><\/div>\n\t\t\t\t<div class=\"clearBoth\">&nbsp;<\/div>\n\t\t\t<\/div>\n\t\t\t<div class=\"gwolle_gb_146abd1ab78e779c7930d110c921541b\" style=\"display:none;\">\n\t\t\t\t<div class=\"label\">\n\t\t\t\t\t<label for=\"gwolle_gb_146abd1ab78e779c7930d110c921541b\" class=\"text-primary\">Hier nichts eingeben<\/label>\n\t\t\t\t\t<label for=\"gwolle_gb_0a2a4b546c55f74a85c67e6fe121ae20\" class=\"text-primary\">Hier nichts eingeben<\/label>\n\t\t\t\t<\/div>\n\t\t\t\t<div class=\"input\">\n\t\t\t\t\t<input value=\"78\" type=\"text\" name=\"gwolle_gb_146abd1ab78e779c7930d110c921541b\" class=\"gwolle_gb_146abd1ab78e779c7930d110c921541b\" \/>\n\t\t\t\t\t<input value=\"\" type=\"text\" name=\"gwolle_gb_0a2a4b546c55f74a85c67e6fe121ae20\" class=\"gwolle_gb_0a2a4b546c55f74a85c67e6fe121ae20\" \/>\n\t\t\t\t<\/div>\n\t\t\t\t<div class=\"clearBoth\"><\/div>\n\t\t\t<\/div>\n\t\t\t<div class=\"gwolle_gb_10d3a4a1bb11906764328f0a67e31f43\" style=\"display:none;\">\n\t\t\t\t<div class=\"label\">\n\t\t\t\t\t<label for=\"gwolle_gb_10d3a4a1bb11906764328f0a67e31f43\" class=\"text-primary\">Hier nichts eingeben<\/label>\n\t\t\t\t\t<label for=\"gwolle_gb_a831aaace168c44d7517a4af932df0e0\" class=\"text-primary\">Hier nichts eingeben<\/label>\n\t\t\t\t<\/div>\n\t\t\t\t<div class=\"input\">\n\t\t\t\t\t<input value=\"67257\" type=\"text\" name=\"gwolle_gb_10d3a4a1bb11906764328f0a67e31f43\" class=\"gwolle_gb_10d3a4a1bb11906764328f0a67e31f43\" \/>\n\t\t\t\t\t<input value=\"67257\" type=\"text\" name=\"gwolle_gb_a831aaace168c44d7517a4af932df0e0\" class=\"gwolle_gb_a831aaace168c44d7517a4af932df0e0\" \/>\n\t\t\t\t<\/div>\n\t\t\t\t<div class=\"clearBoth\"><\/div>\n\t\t\t<\/div><div class=\"gwolle_gb_content\">\n\t\t\t\t<div class=\"label\"><label for=\"gwolle_gb_content\" class=\"text-info\">G\u00e4stebucheintrag *<\/label><\/div>\n\t\t\t\t<div class=\"input\"><textarea name=\"gwolle_gb_content\" class=\"gwolle_gb_content wp-exclude-emoji\" required ><\/textarea><\/div>\n\t\t\t\t\t<div class=\"clearBoth\">&nbsp;<\/div>\n\t\t\t\t<\/div>\n\t\t\t\t<div class=\"gwolle_gb_privacy\">\n\t\t\t\t\t<div class=\"label\"><label for=\"gwolle_gb_privacy\" class=\"text-info\">Ich akzeptiere die Privacy Policy. *<\/label><\/div>\n\t\t\t\t\t<div class=\"input\"><input type=\"checkbox\" name=\"gwolle_gb_privacy\" class=\"gwolle_gb_privacy\" required \/><\/div>\n\t\t\t\t\t<div class=\"clearBoth\">&nbsp;<\/div>\n\t\t\t\t<\/div><input type=\"hidden\" class=\"gwolle_gb_08f4f09d0d975603116ea93f4f912a04\" name=\"gwolle_gb_08f4f09d0d975603116ea93f4f912a04\" value=\"a1319bc170\" \/>\n\t\t\t<div class=\"gwolle_gb_messages_bottom_container\"><\/div>\n\n\t\t\t<noscript><div class=\"no-js\">Warnung: Dieses Formular kann nur verwendet werden, wenn in deinem Browser JavaScript aktiviert ist.<\/div><\/noscript>\n\n\t\t\t<div class=\"gwolle_gb_submit\">\n\t\t\t\t<div class=\"label gwolle-gb-invisible text-muted\">&nbsp;<\/div>\n\t\t\t\t<div class=\"input\">\n\t\t\t\t\t<input type=\"submit\" name=\"gwolle_gb_submit\" class=\"gwolle_gb_submit button btn btn-primary \" value=\"Absenden\" \/>\n\t\t\t\t\t<span class=\"gwolle_gb_submit_ajax_icon\"><\/span>\n\t\t\t\n\t\t\t\t<\/div>\n\t\t\t\t<div class=\"clearBoth\">&nbsp;<\/div>\n\t\t\t<\/div>\n\n\t\t\t<div class=\"gwolle_gb_notice\">\n\t\t\t\tVielen Dank f\u00fcr Ihr Interesse an meiner Homepage!<br \/>\r\nIch freue mich \u00fcber jedes Feedback, jede Anregung und auch jede konstruktive Kritik zu der Homepage als Ganzes oder zu den einzelnen Bildern. Bitte haben Sie jedoch Verst\u00e4ndnis daf\u00fcr dass Kommentare die gegen geltendes Recht versto\u00dfen ohne R\u00fcckfrage gel\u00f6scht werden.<br \/>\r\n<br \/>\r\nMit * gekennzeichnete Felder sind Pflichtfelder.<br \/>\r\nDie E-Mail-Adresse wird nicht ver\u00f6ffentlicht.\n\t\t\t<\/div><\/form><div class=\"gwolle-gb-read gwolle-gb-ajax gwolle-gb-entries-list\" data-book_id=\"1\">(Noch keine Eintr\u00e4ge)<\/div><\/div>\n","protected":false},"excerpt":{"rendered":"","protected":false},"author":1,"featured_media":0,"parent":0,"menu_order":0,"comment_status":"closed","ping_status":"closed","template":"","meta":[],"_links":{"self":[{"href":"https:\/\/www.ralf-krenzke.de\/galerie-marina\/wp-json\/wp\/v2\/pages\/319"}],"collection":[{"href":"https:\/\/www.ralf-krenzke.de\/galerie-marina\/wp-json\/wp\/v2\/pages"}],"about":[{"href":"https:\/\/www.ralf-krenzke.de\/galerie-marina\/wp-json\/wp\/v2\/types\/page"}],"author":[{"embeddable":true,"href":"https:\/\/www.ralf-krenzke.de\/galerie-marina\/wp-json\/wp\/v2\/users\/1"}],"replies":[{"embeddable":true,"href":"https:\/\/www.ralf-krenzke.de\/galerie-marina\/wp-json\/wp\/v2\/comments?post=319"}],"version-history":[{"count":2,"href":"https:\/\/www.ralf-krenzke.de\/galerie-marina\/wp-json\/wp\/v2\/pages\/319\/revisions"}],"predecessor-version":[{"id":321,"href":"https:\/\/www.ralf-krenzke.de\/galerie-marina\/wp-json\/wp\/v2\/pages\/319\/revisions\/321"}],"wp:attachment":[{"href":"https:\/\/www.ralf-krenzke.de\/galerie-marina\/wp-json\/wp\/v2\/media?parent=319"}],"curies":[{"name":"wp","href":"https:\/\/api.w.org\/{rel}","templated":true}]}}