{"id":2,"date":"2016-05-10T03:48:21","date_gmt":"2016-05-10T03:48:21","guid":{"rendered":"https:\/\/www.ralf-krenzke.de\/kraeuterwanderung\/?page_id=2"},"modified":"2024-04-09T08:46:13","modified_gmt":"2024-04-09T07:46:13","slug":"sample-page","status":"publish","type":"page","link":"https:\/\/www.ralf-krenzke.de\/kraeuterwanderung\/","title":{"rendered":"Allgemeines"},"content":{"rendered":"<p><strong>Zeitpunkt: Samstag, 27.04.2024 um 16:00Uhr <\/strong><\/p>\n<p><strong>Treffpunkt: <a href=\"https:\/\/www.ralf-krenzke.de\/kraeuterwanderung\/anfahrt\/\">St. Leon am Anglersee<\/a><\/strong><\/p>\n<p>Entdecken Sie die Vielfalt der heimischen Wildkr\u00e4uter mit ihrem kulinarischen Wert! Entdecken und nutzen Sie\u00a0die Kraft der Wildk\u00e4uter!<\/p>\n<p><strong>Ausf\u00fchrliche Informationen zu den Hintergr\u00fcnden unserer Kr\u00e4uterwanderung finden Sie <a href=\"https:\/\/www.ralf-krenzke.de\/kraeuterwanderung\/hintergruende-natur\/\">hier<\/a>.<\/strong><\/p>\n<p>Warum Wildkr\u00e4uter?<\/p>\n<p><strong>VIELE VITALSTOFFE:<\/strong> Wildkr\u00e4uter enthalten bis 23 Mal mehr Vitamine als klassisches Kulturgem\u00fcse und bis zu 60.000 sekund\u00e4re Pflanzenstoffe. Unser Immunsystem braucht diese Vielfalt!<\/p>\n<p><strong>HEILPFLANZEN:<\/strong> Viele Wildkr\u00e4uter werden als Heilpflanzen (Arzneipflanzen) eingesetzt und verf\u00fcgen \u00fcber eine starke gesundheitliche Wirkung.<\/p>\n<p><strong>KOSTENLOS:<\/strong> Wildkr\u00e4uter sind einfach und kostenlos in der Natur zu finden &#8211; egal wo Sie\u00a0wohnen und auch in der Stadt!<\/p>\n<p><strong>WIRKUNG AUF K\u00d6RPER, GEIST &amp; SEELE:<\/strong> Beim Sammeln bewegen Sie\u00a0sich in der frischen Luft, die Sonne scheint Ihnen\u00a0ins Gesicht und die gr\u00fcne Natur wirkt entspannend. So tun Sie sich\u00a0auf allen Ebenen etwas Gutes!<\/p>\n<p>Wie\u00a0sieht die Vegetation am Kraichbach entlang aus? Um zu erfahren welche Pflanzenvielfalt, Kr\u00e4uter und Heilpflanzen dort zu finden sind, l\u00e4dt der Ortsverband B\u00fcndnis90\/Die Gr\u00fcnen St. Leon-Rot alle interessierten B\u00fcrgerinnen und B\u00fcrger zu einer \u201eWildkr\u00e4uterf\u00fchrung ein.<\/p>\n<p>Die Pflanzentherapeutin <strong>Dr. Edith Wolber<\/strong> vermittelt ihr Wissen \u00fcber die Heilkr\u00e4fte und den kulinarischen Wert der Pflanzen, die am Kraichbach entlang gedeihen. Erleben Sie die Natur mit <strong>Dr. Edith Wolber. <\/strong>Sie m\u00f6chte Ihre Begeisterung f\u00fcr die verschiedenen Facetten der Natur weitergeben.<\/p>\n<p>Wir treffen uns am <a href=\"https:\/\/www.ralf-krenzke.de\/kraeuterwanderung\/anfahrt\/\">Anglersee in St. Leon<\/a> und von dort aus geht es ins gr\u00fcne Reilingen. Die Wanderung wird ca. 1,5h dauern.<\/p>\n<p>Von der Referentin mitgebrachte Kostproben wie Kr\u00e4uterquark, Bl\u00fctenbutter und ein \u201eGREEN-Bull\u201c-Getr\u00e4nk runden die gemeinsam verbrachten Stunden ab. Die Rezepte zum Nachmachen gibt es f\u00fcr Interessierte dazu.<\/p>\n<p><img loading=\"lazy\" decoding=\"async\" class=\"size-medium wp-image-167 aligncenter\" src=\"https:\/\/www.ralf-krenzke.de\/kraeuterwanderung\/wp-content\/uploads\/2018\/03\/Kraeuterwanderung-300x290.png\" alt=\"\" width=\"300\" height=\"290\" srcset=\"https:\/\/www.ralf-krenzke.de\/kraeuterwanderung\/wp-content\/uploads\/2018\/03\/Kraeuterwanderung-300x290.png 300w, https:\/\/www.ralf-krenzke.de\/kraeuterwanderung\/wp-content\/uploads\/2018\/03\/Kraeuterwanderung-768x741.png 768w, https:\/\/www.ralf-krenzke.de\/kraeuterwanderung\/wp-content\/uploads\/2018\/03\/Kraeuterwanderung.png 835w\" sizes=\"auto, (max-width: 300px) 100vw, 300px\" \/><\/p>\n<p>Interesse? Dann sind Sie von der <a href=\"https:\/\/www.ralf-krenzke.de\/kraeuterwanderung\/anmeldung\/\">Anmeldung<\/a> nur noch einen Klick entfernt!<\/p>\n<p>Wenn Sie mehr \u00fcber die Gr\u00fcnen in St. Leon-Rot erfahren m\u00f6chten, schauen Sie doch einmal auf unserer <a href=\"http:\/\/www.gruene-slr.de\" target=\"_blank\" rel=\"noopener\">offiziellen Homepage<\/a> vorbei!<\/p>\n","protected":false},"excerpt":{"rendered":"<p>Zeitpunkt: Samstag, 27.04.2024 um 16:00Uhr Treffpunkt: St. Leon am Anglersee Entdecken Sie die Vielfalt der heimischen Wildkr\u00e4uter mit ihrem kulinarischen Wert! Entdecken und nutzen Sie\u00a0die Kraft der Wildk\u00e4uter! Ausf\u00fchrliche Informationen zu den Hintergr\u00fcnden unserer Kr\u00e4uterwanderung finden Sie hier. Warum Wildkr\u00e4uter? VIELE VITALSTOFFE: Wildkr\u00e4uter enthalten bis 23 Mal mehr Vitamine als klassisches Kulturgem\u00fcse und bis zu &hellip; <\/p>\n<p class=\"link-more\"><a href=\"https:\/\/www.ralf-krenzke.de\/kraeuterwanderung\/\" class=\"more-link\"><span class=\"screen-reader-text\">\u201eAllgemeines\u201c <\/span>weiterlesen<\/a><\/p>\n","protected":false},"author":1,"featured_media":0,"parent":0,"menu_order":0,"comment_status":"closed","ping_status":"open","template":"","meta":{"footnotes":""},"class_list":["post-2","page","type-page","status-publish","hentry"],"_links":{"self":[{"href":"https:\/\/www.ralf-krenzke.de\/kraeuterwanderung\/wp-json\/wp\/v2\/pages\/2","targetHints":{"allow":["GET"]}}],"collection":[{"href":"https:\/\/www.ralf-krenzke.de\/kraeuterwanderung\/wp-json\/wp\/v2\/pages"}],"about":[{"href":"https:\/\/www.ralf-krenzke.de\/kraeuterwanderung\/wp-json\/wp\/v2\/types\/page"}],"author":[{"embeddable":true,"href":"https:\/\/www.ralf-krenzke.de\/kraeuterwanderung\/wp-json\/wp\/v2\/users\/1"}],"replies":[{"embeddable":true,"href":"https:\/\/www.ralf-krenzke.de\/kraeuterwanderung\/wp-json\/wp\/v2\/comments?post=2"}],"version-history":[{"count":65,"href":"https:\/\/www.ralf-krenzke.de\/kraeuterwanderung\/wp-json\/wp\/v2\/pages\/2\/revisions"}],"predecessor-version":[{"id":356,"href":"https:\/\/www.ralf-krenzke.de\/kraeuterwanderung\/wp-json\/wp\/v2\/pages\/2\/revisions\/356"}],"wp:attachment":[{"href":"https:\/\/www.ralf-krenzke.de\/kraeuterwanderung\/wp-json\/wp\/v2\/media?parent=2"}],"curies":[{"name":"wp","href":"https:\/\/api.w.org\/{rel}","templated":true}]}}