{"id":207,"date":"2018-04-02T22:39:36","date_gmt":"2018-04-02T21:39:36","guid":{"rendered":"https:\/\/www.ralf-krenzke.de\/kraeuterwanderung\/?page_id=207"},"modified":"2018-04-04T10:51:26","modified_gmt":"2018-04-04T09:51:26","slug":"hintergruende-natur","status":"publish","type":"page","link":"https:\/\/www.ralf-krenzke.de\/kraeuterwanderung\/hintergruende-natur\/","title":{"rendered":"HINTERGR\u00dcNDE ZUR KR\u00c4UTERWANDERUNG"},"content":{"rendered":"<ul id=\"menu-hintergruende\" class=\"menu\"><li id=\"menu-item-224\" class=\"menu-item menu-item-type-post_type menu-item-object-page menu-item-224\"><a href=\"https:\/\/www.ralf-krenzke.de\/kraeuterwanderung\/hintergruende-natur\/\">1. Die Natur in der unmittelbaren Region kennenlernen<\/a><\/li>\n<li id=\"menu-item-223\" class=\"menu-item menu-item-type-post_type menu-item-object-page menu-item-223\"><a href=\"https:\/\/www.ralf-krenzke.de\/kraeuterwanderung\/hintergruende-glyphosphat\/\">2. Glyphosat und die Folgen f\u00fcr Umwelt und Natur<\/a><\/li>\n<li id=\"menu-item-222\" class=\"menu-item menu-item-type-post_type menu-item-object-page menu-item-222\"><a href=\"https:\/\/www.ralf-krenzke.de\/kraeuterwanderung\/hintergruende-bienensterben\/\">3. Unsere Bienen sind bedroht<\/a><\/li>\n<\/ul>\n<p>&nbsp;<\/p>\n<p><b><strong>1. Die Natur in der unmittelbaren Region kennenlernen<\/strong><\/b><\/p>\n<p>Wie sieht die Vegetation am Kraichbach entlang aus? Welche Pflanzenvielfalt, Kr\u00e4uter und Heilpflanzen sind dort zu finden? Viele wissen nicht, was die Natur in ihrem Umfeld eigentlich bietet und weshalb es wichtig ist sie zu erhalten.<\/p>\n<p>Lernen Sie in der Ruhe und Stille beim Spaziergang entlang des Kraichbachs Wildkr\u00e4uter, Heilpflanzen und Bl\u00fcten kennen. Erleben und schmecken Sie die Aromen der Wildpflanzen Sie werden staunen, wie vielf\u00e4ltig man sie verarbeiten kann. Sie erfahren Wissenswertes \u00fcber die Pflanzenkraft und Heilwirkungen. Auf der gef\u00fchrten Wildkr\u00e4uterwanderung am sch\u00f6nen Kraichbach entlang lernen Sie die wichtigsten Wildpflanzen f\u00fcr die Wildkr\u00e4uterk\u00fcche kennen.<\/p>\n<p>Die Pflanzentherapeutin\u00a0<strong>Dr. Edith Wolber<\/strong>\u00a0vermittelt ihr Wissen \u00fcber die Heilkr\u00e4fte und den kulinarischen Wert der Pflanzen, die am Kraichbach entlang gedeihen und m\u00f6chte Ihre Begeisterung f\u00fcr die verschiedenen Facetten der Natur weitergeben.<\/p>\n<p>Hierdurch erhoffen wir uns eine Sensibilisierung f\u00fcr die Bedeutung der Natur f\u00fcr den Menschen. Es gibt viele Gr\u00fcnde sich f\u00fcr die Natur zu interessieren und f\u00fcr ihren Erhalt zu k\u00e4mpfen.<b><\/b><\/p>\n<p>&nbsp;<\/p>\n","protected":false},"excerpt":{"rendered":"<p>&nbsp; 1. Die Natur in der unmittelbaren Region kennenlernen Wie sieht die Vegetation am Kraichbach entlang aus? Welche Pflanzenvielfalt, Kr\u00e4uter und Heilpflanzen sind dort zu finden? Viele wissen nicht, was die Natur in ihrem Umfeld eigentlich bietet und weshalb es wichtig ist sie zu erhalten. Lernen Sie in der Ruhe und Stille beim Spaziergang entlang &hellip; <\/p>\n<p class=\"link-more\"><a href=\"https:\/\/www.ralf-krenzke.de\/kraeuterwanderung\/hintergruende-natur\/\" class=\"more-link\"><span class=\"screen-reader-text\">\u201eHINTERGR\u00dcNDE ZUR KR\u00c4UTERWANDERUNG\u201c <\/span>weiterlesen<\/a><\/p>\n","protected":false},"author":1,"featured_media":0,"parent":0,"menu_order":0,"comment_status":"closed","ping_status":"closed","template":"","meta":{"footnotes":""},"class_list":["post-207","page","type-page","status-publish","hentry"],"_links":{"self":[{"href":"https:\/\/www.ralf-krenzke.de\/kraeuterwanderung\/wp-json\/wp\/v2\/pages\/207","targetHints":{"allow":["GET"]}}],"collection":[{"href":"https:\/\/www.ralf-krenzke.de\/kraeuterwanderung\/wp-json\/wp\/v2\/pages"}],"about":[{"href":"https:\/\/www.ralf-krenzke.de\/kraeuterwanderung\/wp-json\/wp\/v2\/types\/page"}],"author":[{"embeddable":true,"href":"https:\/\/www.ralf-krenzke.de\/kraeuterwanderung\/wp-json\/wp\/v2\/users\/1"}],"replies":[{"embeddable":true,"href":"https:\/\/www.ralf-krenzke.de\/kraeuterwanderung\/wp-json\/wp\/v2\/comments?post=207"}],"version-history":[{"count":6,"href":"https:\/\/www.ralf-krenzke.de\/kraeuterwanderung\/wp-json\/wp\/v2\/pages\/207\/revisions"}],"predecessor-version":[{"id":225,"href":"https:\/\/www.ralf-krenzke.de\/kraeuterwanderung\/wp-json\/wp\/v2\/pages\/207\/revisions\/225"}],"wp:attachment":[{"href":"https:\/\/www.ralf-krenzke.de\/kraeuterwanderung\/wp-json\/wp\/v2\/media?parent=207"}],"curies":[{"name":"wp","href":"https:\/\/api.w.org\/{rel}","templated":true}]}}