{"id":215,"date":"2018-04-02T22:57:16","date_gmt":"2018-04-02T21:57:16","guid":{"rendered":"https:\/\/www.ralf-krenzke.de\/kraeuterwanderung\/?page_id=215"},"modified":"2018-04-04T10:51:36","modified_gmt":"2018-04-04T09:51:36","slug":"hintergruende-glyphosphat","status":"publish","type":"page","link":"https:\/\/www.ralf-krenzke.de\/kraeuterwanderung\/hintergruende-glyphosphat\/","title":{"rendered":"HINTERGR\u00dcNDE ZUR KR\u00c4UTERWANDERUNG"},"content":{"rendered":"<ul id=\"menu-hintergruende\" class=\"menu\"><li id=\"menu-item-224\" class=\"menu-item menu-item-type-post_type menu-item-object-page menu-item-224\"><a href=\"https:\/\/www.ralf-krenzke.de\/kraeuterwanderung\/hintergruende-natur\/\">1. Die Natur in der unmittelbaren Region kennenlernen<\/a><\/li>\n<li id=\"menu-item-223\" class=\"menu-item menu-item-type-post_type menu-item-object-page menu-item-223\"><a href=\"https:\/\/www.ralf-krenzke.de\/kraeuterwanderung\/hintergruende-glyphosphat\/\">2. Glyphosat und die Folgen f\u00fcr Umwelt und Natur<\/a><\/li>\n<li id=\"menu-item-222\" class=\"menu-item menu-item-type-post_type menu-item-object-page menu-item-222\"><a href=\"https:\/\/www.ralf-krenzke.de\/kraeuterwanderung\/hintergruende-bienensterben\/\">3. Unsere Bienen sind bedroht<\/a><\/li>\n<\/ul>\n<p>&nbsp;<\/p>\n<p><b><strong>2. Glyphosat und die Folgen f\u00fcr Umwelt und Natur<\/strong><\/b><\/p>\n<p>Wir wollen eine Landwirtschaft, die leckere und gesunde Lebensmittel f\u00fcr uns alle herstellt und im Einklang mit der Natur wirtschaftet. Das Pflanzengift Glyphosat gef\u00e4hrdet B\u00f6den und Grundwasser, die menschliche Gesundheit und biologische Vielfalt. Deshalb setzen wir uns f\u00fcr den Glyphosat-Ausstieg ein. Eine Landwirtschaft ohne Glyphosat ist m\u00f6glich.<\/p>\n<p>Glyphosat ist das weltweit am h\u00e4ufigsten verwendete Pflanzengift. Glyphosat t\u00f6tet erst alles Gr\u00fcn auf dem Acker, dann gelangt es in unsere Gew\u00e4sser und Lebensmittel. Bei der Bewertung von Glyphosat sind sich die Experten allerdings nicht einig. Im M\u00e4rz 2015 stufte die Krebsforschungsagentur der Weltgesundheitsorganisation (WHO) den Stoff als \u201ewahrscheinlich krebserregend beim Menschen\u201c ein. Die Europ\u00e4ische Beh\u00f6rde f\u00fcr Lebensmittelsicherheit (EFSA) und die Europ\u00e4ische Chemikalienagentur (ECHA) teilen diese Bedenken nicht. Die europ\u00e4ische Agrarlobby verhinderte mit Unterst\u00fctzung der Bundesregierung den europaweiten Glyphosat-Ausstieg. Ende November 2017 haben die EU-Staaten entschieden, Glyphosat f\u00fcr f\u00fcnf weitere Jahre zuzulassen.<\/p>\n<p>Unsere Mindestforderungen unter den aktuellen Rahmenbedingungen:<\/p>\n<ul>\n<li>Glyphosatanwendung in der Landwirtschaft sollte nur noch nach Genehmigung m\u00f6glich sein.<\/li>\n<li>Begrenzung der Anwendungen und Mengen sowie Abstandsauflagen in der N\u00e4he von Gew\u00e4ssern und anderen sensiblen Gebieten.<\/li>\n<li>Glyphosat darf nicht in der Vorerntebehandlung eingesetzt werden, damit sich die Glyphosat-R\u00fcckst\u00e4nde in Lebensmitteln schnell reduzieren.<\/li>\n<li>Wir wollen den vollst\u00e4ndigen Glyphosat-Ausstieg im \u00f6ffentlichen Raum, auf Spielpl\u00e4tzen, im Wald und bei der Privatanwendung.<\/li>\n<li>Transparente Zulassungsverfahren, in dem Finanzierung, Vergabe und Durchf\u00fchrung der Studien voneinander entkoppelt werden.<\/li>\n<\/ul>\n<p>In letzter Konsequenz fordern die Gr\u00fcnen aber, dass die EU-Kommission das im EU-Recht verankerte Vorsorgeprinzip anwendet. Das hei\u00dft:<\/p>\n<p><strong>Solange seri\u00f6se Hinweise auf gesundheitliche Risiken im Raum stehen, darf Glyphosat nicht weiter auf dem Acker eingesetzt werden!\u00a0<\/strong><\/p>\n","protected":false},"excerpt":{"rendered":"<p>&nbsp; 2. Glyphosat und die Folgen f\u00fcr Umwelt und Natur Wir wollen eine Landwirtschaft, die leckere und gesunde Lebensmittel f\u00fcr uns alle herstellt und im Einklang mit der Natur wirtschaftet. Das Pflanzengift Glyphosat gef\u00e4hrdet B\u00f6den und Grundwasser, die menschliche Gesundheit und biologische Vielfalt. Deshalb setzen wir uns f\u00fcr den Glyphosat-Ausstieg ein. Eine Landwirtschaft ohne Glyphosat &hellip; <\/p>\n<p class=\"link-more\"><a href=\"https:\/\/www.ralf-krenzke.de\/kraeuterwanderung\/hintergruende-glyphosphat\/\" class=\"more-link\"><span class=\"screen-reader-text\">\u201eHINTERGR\u00dcNDE ZUR KR\u00c4UTERWANDERUNG\u201c <\/span>weiterlesen<\/a><\/p>\n","protected":false},"author":1,"featured_media":0,"parent":0,"menu_order":0,"comment_status":"closed","ping_status":"closed","template":"","meta":{"footnotes":""},"class_list":["post-215","page","type-page","status-publish","hentry"],"_links":{"self":[{"href":"https:\/\/www.ralf-krenzke.de\/kraeuterwanderung\/wp-json\/wp\/v2\/pages\/215","targetHints":{"allow":["GET"]}}],"collection":[{"href":"https:\/\/www.ralf-krenzke.de\/kraeuterwanderung\/wp-json\/wp\/v2\/pages"}],"about":[{"href":"https:\/\/www.ralf-krenzke.de\/kraeuterwanderung\/wp-json\/wp\/v2\/types\/page"}],"author":[{"embeddable":true,"href":"https:\/\/www.ralf-krenzke.de\/kraeuterwanderung\/wp-json\/wp\/v2\/users\/1"}],"replies":[{"embeddable":true,"href":"https:\/\/www.ralf-krenzke.de\/kraeuterwanderung\/wp-json\/wp\/v2\/comments?post=215"}],"version-history":[{"count":3,"href":"https:\/\/www.ralf-krenzke.de\/kraeuterwanderung\/wp-json\/wp\/v2\/pages\/215\/revisions"}],"predecessor-version":[{"id":226,"href":"https:\/\/www.ralf-krenzke.de\/kraeuterwanderung\/wp-json\/wp\/v2\/pages\/215\/revisions\/226"}],"wp:attachment":[{"href":"https:\/\/www.ralf-krenzke.de\/kraeuterwanderung\/wp-json\/wp\/v2\/media?parent=215"}],"curies":[{"name":"wp","href":"https:\/\/api.w.org\/{rel}","templated":true}]}}